{"id":10,"date":"2026-02-12T14:47:25","date_gmt":"2026-02-12T14:47:25","guid":{"rendered":"https:\/\/maison-saintpierre.fr\/?page_id=10"},"modified":"2026-02-23T07:40:49","modified_gmt":"2026-02-23T07:40:49","slug":"accueil","status":"publish","type":"page","link":"https:\/\/maison-saintpierre.fr\/","title":{"rendered":"Maison Saint Pierre"},"content":{"rendered":"\t\t<div data-elementor-type=\"wp-page\" data-elementor-id=\"10\" class=\"elementor elementor-10\">\n\t\t\t\t<div class=\"elementor-element elementor-element-33a58ca3 e-con-full e-flex elementor-invisible e-con e-parent\" data-id=\"33a58ca3\" data-element_type=\"container\" data-e-type=\"container\" data-settings=\"{&quot;background_background&quot;:&quot;classic&quot;,&quot;animation&quot;:&quot;fadeIn&quot;}\">\n\t\t\t\t<div class=\"elementor-element elementor-element-8bf5bb4 elementor-arrows-position-outside elementor-pagination-position-outside elementor-widget elementor-widget-image-carousel\" data-id=\"8bf5bb4\" data-element_type=\"widget\" data-e-type=\"widget\" data-settings=\"{&quot;slides_to_show&quot;:&quot;10&quot;,&quot;slides_to_scroll&quot;:&quot;10&quot;,&quot;image_spacing_custom&quot;:{&quot;unit&quot;:&quot;px&quot;,&quot;size&quot;:30,&quot;sizes&quot;:[]},&quot;navigation&quot;:&quot;both&quot;,&quot;autoplay&quot;:&quot;yes&quot;,&quot;pause_on_hover&quot;:&quot;yes&quot;,&quot;pause_on_interaction&quot;:&quot;yes&quot;,&quot;autoplay_speed&quot;:5000,&quot;infinite&quot;:&quot;yes&quot;,&quot;speed&quot;:500,&quot;image_spacing_custom_tablet&quot;:{&quot;unit&quot;:&quot;px&quot;,&quot;size&quot;:&quot;&quot;,&quot;sizes&quot;:[]},&quot;image_spacing_custom_mobile&quot;:{&quot;unit&quot;:&quot;px&quot;,&quot;size&quot;:&quot;&quot;,&quot;sizes&quot;:[]}}\" data-widget_type=\"image-carousel.default\">\n\t\t\t\t\t\t\t<div class=\"elementor-image-carousel-wrapper swiper\" role=\"region\" aria-roledescription=\"carousel\" aria-label=\"Carrousel d\u2019images\" dir=\"ltr\">\n\t\t\t<div class=\"elementor-image-carousel swiper-wrapper\" aria-live=\"off\">\n\t\t\t\t\t\t\t\t<div class=\"swiper-slide\" role=\"group\" aria-roledescription=\"slide\" aria-label=\"1 sur 6\"><figure class=\"swiper-slide-inner\"><img decoding=\"async\" class=\"swiper-slide-image\" src=\"https:\/\/maison-saintpierre.fr\/wp-content\/uploads\/2026\/02\/Is-studio-professionnels-006_retournee-150x150.jpg\" alt=\"Is-studio-professionnels-006_retournee\" \/><\/figure><\/div><div class=\"swiper-slide\" role=\"group\" aria-roledescription=\"slide\" aria-label=\"2 sur 6\"><figure class=\"swiper-slide-inner\"><img decoding=\"async\" class=\"swiper-slide-image\" src=\"https:\/\/maison-saintpierre.fr\/wp-content\/uploads\/2026\/02\/Is-studio-professionnels-018-150x150.jpg\" alt=\"Is-studio-professionnels-018\" \/><\/figure><\/div><div class=\"swiper-slide\" role=\"group\" aria-roledescription=\"slide\" aria-label=\"3 sur 6\"><figure class=\"swiper-slide-inner\"><img decoding=\"async\" class=\"swiper-slide-image\" src=\"https:\/\/maison-saintpierre.fr\/wp-content\/uploads\/2026\/02\/Is-studio-professionnels-001-150x150.jpg\" alt=\"Is-studio-professionnels-001\" \/><\/figure><\/div><div class=\"swiper-slide\" role=\"group\" aria-roledescription=\"slide\" aria-label=\"4 sur 6\"><figure class=\"swiper-slide-inner\"><img decoding=\"async\" class=\"swiper-slide-image\" src=\"https:\/\/maison-saintpierre.fr\/wp-content\/uploads\/2026\/02\/Is-studio-professionnels-019-150x150.jpg\" alt=\"Is-studio-professionnels-019\" \/><\/figure><\/div><div class=\"swiper-slide\" role=\"group\" aria-roledescription=\"slide\" aria-label=\"5 sur 6\"><figure class=\"swiper-slide-inner\"><img decoding=\"async\" class=\"swiper-slide-image\" src=\"https:\/\/maison-saintpierre.fr\/wp-content\/uploads\/2026\/02\/Is-studio-professionnels-20-150x150.jpg\" alt=\"Is-studio-professionnels-20\" \/><\/figure><\/div><div class=\"swiper-slide\" role=\"group\" aria-roledescription=\"slide\" aria-label=\"6 sur 6\"><figure class=\"swiper-slide-inner\"><img decoding=\"async\" class=\"swiper-slide-image\" src=\"https:\/\/maison-saintpierre.fr\/wp-content\/uploads\/2026\/02\/Is-studio-professionnels-014-150x150.jpg\" alt=\"Is-studio-professionnels-014\" \/><\/figure><\/div>\t\t\t<\/div>\n\t\t\t\t\t\t\t\t\t\t\t\t<div class=\"elementor-swiper-button elementor-swiper-button-prev\" role=\"button\" tabindex=\"0\">\n\t\t\t\t\t\t<svg aria-hidden=\"true\" class=\"e-font-icon-svg e-eicon-chevron-left\" viewBox=\"0 0 1000 1000\" xmlns=\"http:\/\/www.w3.org\/2000\/svg\"><path d=\"M646 125C629 125 613 133 604 142L308 442C296 454 292 471 292 487 292 504 296 521 308 533L604 854C617 867 629 875 646 875 663 875 679 871 692 858 704 846 713 829 713 812 713 796 708 779 692 767L438 487 692 225C700 217 708 204 708 187 708 171 704 154 692 142 675 129 663 125 646 125Z\"><\/path><\/svg>\t\t\t\t\t<\/div>\n\t\t\t\t\t<div class=\"elementor-swiper-button elementor-swiper-button-next\" role=\"button\" tabindex=\"0\">\n\t\t\t\t\t\t<svg aria-hidden=\"true\" class=\"e-font-icon-svg e-eicon-chevron-right\" viewBox=\"0 0 1000 1000\" xmlns=\"http:\/\/www.w3.org\/2000\/svg\"><path d=\"M696 533C708 521 713 504 713 487 713 471 708 454 696 446L400 146C388 133 375 125 354 125 338 125 325 129 313 142 300 154 292 171 292 187 292 204 296 221 308 233L563 492 304 771C292 783 288 800 288 817 288 833 296 850 308 863 321 871 338 875 354 875 371 875 388 867 400 854L696 533Z\"><\/path><\/svg>\t\t\t\t\t<\/div>\n\t\t\t\t\n\t\t\t\t\t\t\t\t\t<div class=\"swiper-pagination\"><\/div>\n\t\t\t\t\t\t\t\t\t<\/div>\n\t\t\t\t\t\t<\/div>\n\t\t<div class=\"elementor-element elementor-element-a2fe1e8 e-con-full e-flex e-con e-child\" data-id=\"a2fe1e8\" data-element_type=\"container\" data-e-type=\"container\">\n\t\t<div class=\"elementor-element elementor-element-946ac80 e-con-full e-flex e-con e-child\" data-id=\"946ac80\" data-element_type=\"container\" data-e-type=\"container\">\n\t\t\t\t<div class=\"elementor-element elementor-element-b89b026 elementor-widget elementor-widget-heading\" data-id=\"b89b026\" data-element_type=\"widget\" data-e-type=\"widget\" data-widget_type=\"heading.default\">\n\t\t\t\t\t<h1 class=\"elementor-heading-title elementor-size-default\">Maison<\/h1>\t\t\t\t<\/div>\n\t\t\t\t<div class=\"elementor-element elementor-element-e661aba elementor-widget elementor-widget-heading\" data-id=\"e661aba\" data-element_type=\"widget\" data-e-type=\"widget\" data-widget_type=\"heading.default\">\n\t\t\t\t\t<h2 class=\"elementor-heading-title elementor-size-default\">Saint-Pierre<\/h2>\t\t\t\t<\/div>\n\t\t\t\t<div class=\"elementor-element elementor-element-be05919 elementor-widget elementor-widget-text-editor\" data-id=\"be05919\" data-element_type=\"widget\" data-e-type=\"widget\" data-widget_type=\"text-editor.default\">\n\t\t\t\t\t\t\t\t\t<p>Votre boutique Camarguaise de Produits de Terroir et de Souvenirs \u00e0 Aimargues<\/p>\t\t\t\t\t\t\t\t<\/div>\n\t\t\t\t<\/div>\n\t\t\t\t<\/div>\n\t\t<div class=\"elementor-element elementor-element-12cd31e e-con-full e-flex e-con e-child\" data-id=\"12cd31e\" data-element_type=\"container\" data-e-type=\"container\">\n\t\t\t\t<div class=\"elementor-element elementor-element-d137b87 elementor-widget__width-initial elementor-widget elementor-widget-text-editor\" data-id=\"d137b87\" data-element_type=\"widget\" data-e-type=\"widget\" data-widget_type=\"text-editor.default\">\n\t\t\t\t\t\t\t\t\t<div><span style=\"font-size: 1.2em;\">Bienvenue dans notre nouvelle boutique de Produits de Terroir et de Souvenirs \u00e0 Aimargues<\/span>.<\/div><div>\u00a0<\/div><div>Nous avons cr\u00e9\u00e9 cette boutique Camarguaise avec une envie simple : <span style=\"font-size: 1.2em;\">partager le gout du vrai.<\/span><\/div><div>\u00a0<\/div><div>Le go\u00fbt\u00a0 des recettes transmises, des mati\u00e8res premi\u00e8res nobles et du travail bien fait.<\/div><div>Des produits de terroir choisis avec soin, aupr\u00e8s de producteurs et d&rsquo;artisans passionn\u00e9s qui travaillent avec c\u0153ur et exigence.<\/div><div>\u00a0<\/div><div>Ici, chaque produit raconte une histoire. Celle d&rsquo;un terroir, d&rsquo;un savoir faire, d&rsquo;un producteur. Et du plaisir de \u00ab\u00a0bien manger\u00a0\u00bb.<\/div><div>\u00a0<\/div><div><span style=\"font-size: 1.2em;\">Go\u00fbtez l&rsquo;authenticit\u00e9, soutenez le local, partagez le Terroir avec nous.<\/span><\/div><div>\u00a0<\/div><div id=\"m_-3413395410004653644x_Signature\"><div>Nous produisons \u00e9galement notre <strong>Gardiane de taureau Bio<\/strong>.\u00a0Cuisin\u00e9e \u00e0 partir de viande AOP Taureau de Camargue issue de notre \u00e9levage, cette recette traditionnelle, mijot\u00e9e lentement est disponible en bocaux \u00e0 travers notre gamme de plats pr\u00e9par\u00e9s.<\/div><div>\u00a0<\/div><div><div>A bient\u00f4t.<\/div><\/div><\/div>\t\t\t\t\t\t\t\t<\/div>\n\t\t<div class=\"elementor-element elementor-element-8133ca4 e-con-full e-flex e-con e-child\" data-id=\"8133ca4\" data-element_type=\"container\" data-e-type=\"container\">\n\t\t\t\t<div class=\"elementor-element elementor-element-37f4b87 elementor-widget__width-inherit elementor-widget elementor-widget-eael-image-accordion\" data-id=\"37f4b87\" data-element_type=\"widget\" data-e-type=\"widget\" data-widget_type=\"eael-image-accordion.default\">\n\t\t\t\t\t    <div class=\"eael-img-accordion accordion-direction-horizontal eael-img-accordion-horizontal-align-center eael-img-accordion-vertical-align-center\" id=\"eael-img-accordion-37f4b87\" data-img-accordion-id=\"37f4b87\" data-img-accordion-type=\"on-hover\">\n                    \n            <div class=\"eael-image-accordion-hover eael-image-accordion-item overlay-active\" style=\"background-image: url(https:\/\/maison-saintpierre.fr\/wp-content\/uploads\/2026\/02\/Le-Mazet-de-Jo-BLANC.png); flex: 3 1 0%;\"  tabindex=\"0\">\n                <div class=\"overlay\">\n                                        <div class=\"overlay-inner  overlay-inner-show\">\n                        <a href=\"#elementor-action%3Aaction%3Dlightbox%26settings%3DeyJ1cmwiOiJodHRwczpcL1wvbWFpc29uLXNhaW50cGllcnJlLmZyXC93cC1jb250ZW50XC91cGxvYWRzXC8yMDI2XC8wMlwvTGUtTWF6ZXQtZGUtSm8tQkxBTkMucG5nIiwidHlwZSI6ImltYWdlIiwidGl0bGUiOiJMZSBNYXpldCBkZSBKbyBCTEFOQyJ9\"><h2 class=\"img-accordion-title\">Respect des traditions<\/h2><\/a>                            <p><p>Vins d&rsquo;exception, de caract\u00e8re et de finesse.<\/p><\/p>\n                                            <\/div>\n                <\/div>\n            <\/div>\n                    \n            <div class=\"eael-image-accordion-hover eael-image-accordion-item\" style=\"background-image: url(https:\/\/maison-saintpierre.fr\/wp-content\/uploads\/2026\/02\/3W6A1718.jpg);\"  tabindex=\"0\">\n                <div class=\"overlay\">\n                                        <div class=\"overlay-inner \">\n                        <a href=\"#elementor-action%3Aaction%3Dlightbox%26settings%3DeyJ1cmwiOiJodHRwczpcL1wvbWFpc29uLXNhaW50cGllcnJlLmZyXC93cC1jb250ZW50XC91cGxvYWRzXC8yMDI2XC8wMlwvM1c2QTE3MTguanBnIiwidHlwZSI6ImltYWdlIn0%3D\"><h2 class=\"img-accordion-title\">Fiert\u00e9 de nos Produits<\/h2><\/a>                            <p><p>Gardiane de taureau Bio \u00e0 base de viande AOP Taureau de Camargue\u00a0\u00a0<\/p><\/p>\n                                            <\/div>\n                <\/div>\n            <\/div>\n                    \n            <div class=\"eael-image-accordion-hover eael-image-accordion-item\" style=\"background-image: url(https:\/\/maison-saintpierre.fr\/wp-content\/uploads\/2026\/02\/Olivettess.png);\"  tabindex=\"0\">\n                <div class=\"overlay\">\n                                        <div class=\"overlay-inner \">\n                        <a href=\"#elementor-action%3Aaction%3Dlightbox%26settings%3DeyJ1cmwiOiJodHRwczpcL1wvbWFpc29uLXNhaW50cGllcnJlLmZyXC93cC1jb250ZW50XC91cGxvYWRzXC8yMDI2XC8wMlwvTGEtQ2FtYXJndWFpc2Utc2NhbGVkLmpwZyIsInR5cGUiOiJpbWFnZSIsInRpdGxlIjoiTGEgQ2FtYXJndWFpc2UifQ%3D%3D\"><h2 class=\"img-accordion-title\">Savoir faire<\/h2><\/a>                            <p><p>Produits typiques de Camargue<\/p><\/p>\n                                            <\/div>\n                <\/div>\n            <\/div>\n                    \n            <div class=\"eael-image-accordion-hover eael-image-accordion-item\" style=\"background-image: url(https:\/\/maison-saintpierre.fr\/wp-content\/uploads\/2026\/02\/sel-scaled.jpg);\"  tabindex=\"0\">\n                <div class=\"overlay\">\n                                        <div class=\"overlay-inner \">\n                        <a href=\"#elementor-action%3Aaction%3Dlightbox%26settings%3DeyJ1cmwiOiJodHRwczpcL1wvbWFpc29uLXNhaW50cGllcnJlLmZyXC93cC1jb250ZW50XC91cGxvYWRzXC8yMDI2XC8wMlwvc2VsLXNjYWxlZC5qcGciLCJ0eXBlIjoiaW1hZ2UiLCJ0aXRsZSI6InNlbCJ9\"><h2 class=\"img-accordion-title\">Le go\u00fbt du vrai<\/h2><\/a>                            <p><p>V\u00e9ritable Fleur de Sel de nos marais<\/p><\/p>\n                                            <\/div>\n                <\/div>\n            <\/div>\n                <\/div>\n        <style typr=\"text\/css\">\n                    #eael-img-accordion-37f4b87 .eael-image-accordion-hover:hover {\n                        flex: 3 1 0% !important;\n                    }\n                    #eael-img-accordion-37f4b87 .eael-image-accordion-hover:hover:hover .overlay-inner * {\n                        opacity: 1;\n                        visibility: visible;\n                        transform: none;\n                        transition: all .3s .3s;\n                    }\n                <\/style>\t\t\t\t<\/div>\n\t\t\t\t<div class=\"elementor-element elementor-element-a242508 elementor-widget elementor-widget-spacer\" data-id=\"a242508\" data-element_type=\"widget\" data-e-type=\"widget\" data-widget_type=\"spacer.default\">\n\t\t\t\t\t\t\t<div class=\"elementor-spacer\">\n\t\t\t<div class=\"elementor-spacer-inner\"><\/div>\n\t\t<\/div>\n\t\t\t\t\t\t<\/div>\n\t\t\t\t<div class=\"elementor-element elementor-element-21a1e7a elementor-widget__width-inherit content-align-cta-default elementor-widget elementor-widget-eael-cta-box\" data-id=\"21a1e7a\" data-element_type=\"widget\" data-e-type=\"widget\" data-widget_type=\"eael-cta-box.default\">\n\t\t\t\t\t\t\t<div class=\"eael-call-to-action cta-basic bg-lite cta-preset-1\">\n        <h2 class=\"title eael-cta-heading\">Localisation et contact<\/h2><div>MAISON SAINT-PIERRE<\/div><div>1 Route des plages<\/div><div>RD979<\/div><div>30470 Aimargues<\/div><a href=\"#\" class=\"cta-button cta-preset-1  effect-1\">Localisation<\/a><a href=\"http:\/\/\" class=\"cta-button cta-secondary-button effect-1\">Contact<\/a>\t<\/div>\n\t\t\t\t\t\t\t\t<\/div>\n\t\t\t\t<\/div>\n\t\t\t\t<\/div>\n\t\t\t\t<\/div>\n\t\t<div class=\"elementor-element elementor-element-4a878bd e-con-full e-flex e-con e-parent\" data-id=\"4a878bd\" data-element_type=\"container\" data-e-type=\"container\">\n\t\t\t\t<div class=\"elementor-element elementor-element-390670c elementor-widget__width-inherit eael_liquid_glass-effect2 animated-slow eael_liquid_glass_shadow-effect1 elementor-invisible elementor-widget elementor-widget-text-editor\" data-id=\"390670c\" data-element_type=\"widget\" data-e-type=\"widget\" data-settings=\"{&quot;_animation&quot;:&quot;fadeIn&quot;}\" data-widget_type=\"text-editor.default\">\n\t\t\t\t\t\t\t\t\t<div>MAISON SAINT-PIERRE<\/div><div>1 Route des plages<\/div><div>RD979<\/div><div>30470 Aimargues<\/div>\t\t\t\t\t\t\t\t<\/div>\n\t\t\t\t<\/div>\n\t\t\t\t<\/div>\n\t\t","protected":false},"excerpt":{"rendered":"<p>Maison Saint-Pierre Votre boutique Camarguaise de Produits de Terroir et de Souvenirs \u00e0 Aimargues Bienvenue dans notre nouvelle boutique de [&hellip;]<\/p>\n","protected":false},"author":1,"featured_media":0,"parent":0,"menu_order":0,"comment_status":"closed","ping_status":"closed","template":"","meta":{"site-sidebar-layout":"no-sidebar","site-content-layout":"plain-container","ast-site-content-layout":"default","site-content-style":"default","site-sidebar-style":"default","ast-global-header-display":"","ast-banner-title-visibility":"","ast-main-header-display":"","ast-hfb-above-header-display":"","ast-hfb-below-header-display":"","ast-hfb-mobile-header-display":"","site-post-title":"disabled","ast-breadcrumbs-content":"","ast-featured-img":"","footer-sml-layout":"","ast-disable-related-posts":"","theme-transparent-header-meta":"enabled","adv-header-id-meta":"","stick-header-meta":"","header-above-stick-meta":"","header-main-stick-meta":"","header-below-stick-meta":"","astra-migrate-meta-layouts":"default","ast-page-background-enabled":"default","ast-page-background-meta":{"desktop":{"background-color":"var(--ast-global-color-5)","background-image":"","background-repeat":"repeat","background-position":"center center","background-size":"auto","background-attachment":"scroll","background-type":"","background-media":"","overlay-type":"","overlay-color":"","overlay-opacity":"","overlay-gradient":""},"tablet":{"background-color":"","background-image":"","background-repeat":"repeat","background-position":"center center","background-size":"auto","background-attachment":"scroll","background-type":"","background-media":"","overlay-type":"","overlay-color":"","overlay-opacity":"","overlay-gradient":""},"mobile":{"background-color":"","background-image":"","background-repeat":"repeat","background-position":"center center","background-size":"auto","background-attachment":"scroll","background-type":"","background-media":"","overlay-type":"","overlay-color":"","overlay-opacity":"","overlay-gradient":""}},"ast-content-background-meta":{"desktop":{"background-color":"var(--ast-global-color-4)","background-image":"","background-repeat":"repeat","background-position":"center center","background-size":"auto","background-attachment":"scroll","background-type":"","background-media":"","overlay-type":"","overlay-color":"","overlay-opacity":"","overlay-gradient":""},"tablet":{"background-color":"var(--ast-global-color-4)","background-image":"","background-repeat":"repeat","background-position":"center center","background-size":"auto","background-attachment":"scroll","background-type":"","background-media":"","overlay-type":"","overlay-color":"","overlay-opacity":"","overlay-gradient":""},"mobile":{"background-color":"var(--ast-global-color-4)","background-image":"","background-repeat":"repeat","background-position":"center center","background-size":"auto","background-attachment":"scroll","background-type":"","background-media":"","overlay-type":"","overlay-color":"","overlay-opacity":"","overlay-gradient":""}},"footnotes":""},"class_list":["post-10","page","type-page","status-publish","hentry"],"_links":{"self":[{"href":"https:\/\/maison-saintpierre.fr\/index.php\/wp-json\/wp\/v2\/pages\/10","targetHints":{"allow":["GET"]}}],"collection":[{"href":"https:\/\/maison-saintpierre.fr\/index.php\/wp-json\/wp\/v2\/pages"}],"about":[{"href":"https:\/\/maison-saintpierre.fr\/index.php\/wp-json\/wp\/v2\/types\/page"}],"author":[{"embeddable":true,"href":"https:\/\/maison-saintpierre.fr\/index.php\/wp-json\/wp\/v2\/users\/1"}],"replies":[{"embeddable":true,"href":"https:\/\/maison-saintpierre.fr\/index.php\/wp-json\/wp\/v2\/comments?post=10"}],"version-history":[{"count":275,"href":"https:\/\/maison-saintpierre.fr\/index.php\/wp-json\/wp\/v2\/pages\/10\/revisions"}],"predecessor-version":[{"id":362,"href":"https:\/\/maison-saintpierre.fr\/index.php\/wp-json\/wp\/v2\/pages\/10\/revisions\/362"}],"wp:attachment":[{"href":"https:\/\/maison-saintpierre.fr\/index.php\/wp-json\/wp\/v2\/media?parent=10"}],"curies":[{"name":"wp","href":"https:\/\/api.w.org\/{rel}","templated":true}]}}